{"id":110,"date":"2017-12-21T09:08:46","date_gmt":"2017-12-21T08:08:46","guid":{"rendered":"http:\/\/www.profi-term.pl\/?page_id=110"},"modified":"2020-09-29T09:06:17","modified_gmt":"2020-09-29T07:06:17","slug":"pompy-ciepla","status":"publish","type":"page","link":"https:\/\/www.profi-term.pl\/index.php\/pompy-ciepla\/","title":{"rendered":"pompy ciep\u0142a"},"content":{"rendered":"<div class=\"gca-column one-third first\"><a href=\"https:\/\/www.profi-term.pl\/wp-content\/uploads\/2017\/12\/WSW196i_AR_Tower_links_schwarz_PL.jpg\"><img loading=\"lazy\" decoding=\"async\" class=\"alignnone size-medium wp-image-111\" src=\"https:\/\/www.profi-term.pl\/wp-content\/uploads\/2017\/12\/WSW196i_AR_Tower_links_schwarz_PL-300x300.jpg\" alt=\"\" width=\"300\" height=\"300\" srcset=\"https:\/\/www.profi-term.pl\/wp-content\/uploads\/2017\/12\/WSW196i_AR_Tower_links_schwarz_PL-300x300.jpg 300w, https:\/\/www.profi-term.pl\/wp-content\/uploads\/2017\/12\/WSW196i_AR_Tower_links_schwarz_PL-150x150.jpg 150w, https:\/\/www.profi-term.pl\/wp-content\/uploads\/2017\/12\/WSW196i_AR_Tower_links_schwarz_PL-250x250.jpg 250w, https:\/\/www.profi-term.pl\/wp-content\/uploads\/2017\/12\/WSW196i_AR_Tower_links_schwarz_PL.jpg 500w\" sizes=\"auto, (max-width: 300px) 100vw, 300px\" \/><\/a><\/div>\n<div class=\"gca-column two-thirds\"><p><strong>Logatherm WSW196i<\/strong><\/p>\n<p>Pompa ciep\u0142a Logatherm WSW196iT jest wyj\u0105tkowa. Jej front wykonany jest z tytanowego szk\u0142a zaprojektowanego specjalnie dla marki Buderus.<\/p>\n<p>Logatherm WSW196i o modulowanej mocy grzewczej (3-12 kW) jest standardowo wyposa\u017cona w zasobnik c.w.u. Mo\u017cna j\u0105 stosowa\u0107 zar\u00f3wno do nowych instalacji, jak i instalacji, gdzie wymienia si\u0119 pomp\u0119 ciep\u0142a.<\/p>\n<p><a href=\"https:\/\/buderus-shop.pl\"><img loading=\"lazy\" decoding=\"async\" class=\"alignnone size-full wp-image-85\" src=\"https:\/\/www.profi-term.pl\/wp-content\/uploads\/2017\/12\/cart.jpg\" alt=\"\" width=\"32\" height=\"28\" \/>kliknij i dowiedz si\u0119 wi\u0119cej w sklepie ON-LINE<br \/>\n<\/a><\/p>\n<hr \/><\/div>\n<div class=\"gca-column one-third first\"><a href=\"https:\/\/www.profi-term.pl\/wp-content\/uploads\/2017\/12\/WPS6K_PL.jpg\"><img loading=\"lazy\" decoding=\"async\" class=\"alignnone size-medium wp-image-115\" src=\"https:\/\/www.profi-term.pl\/wp-content\/uploads\/2017\/12\/WPS6K_PL-150x300.jpg\" alt=\"\" width=\"150\" height=\"300\" srcset=\"https:\/\/www.profi-term.pl\/wp-content\/uploads\/2017\/12\/WPS6K_PL-150x300.jpg 150w, https:\/\/www.profi-term.pl\/wp-content\/uploads\/2017\/12\/WPS6K_PL.jpg 500w\" sizes=\"auto, (max-width: 150px) 100vw, 150px\" \/><\/a><\/div>\n<div class=\"gca-column two-thirds\"><p><strong>Logatherm WPS K-1<\/strong><\/p>\n<p>Nowa generacja pomp ciep\u0142a serii WPS K-1 pozyskuj\u0105cych energi\u0119 ciepln\u0105 z gruntu. W urz\u0105dzeniu z wbudowanym zasobnikiem c.w.u. 185 litr\u00f3w, po\u0142o\u017cono szczeg\u00f3lny nacisk na zwi\u0119kszenie efektywno\u015bci oraz ograniczenie emisji ha\u0142asu. Poprzez zainstalowanie energooszcz\u0119dnych pomp obiegowych g\u00f3rnego i dolnego \u017ar\u00f3d\u0142a wsp\u00f3\u0142czynnik efektywno\u015bci grzewczej COP wynosi nawet 4,8. Zastosowanie nowego czynnika ch\u0142odniczego oraz nowej spr\u0119\u017carki pozwoli\u0142o na zwi\u0119kszenie wydajno\u015bci. G\u0142o\u015bno\u015b\u0107 pompy ciep\u0142a zosta\u0142a obni\u017cona do 32 dB, dzi\u0119ki dodatkowej izolacji akustycznej. Urz\u0105dzenia s\u0105 wyposa\u017cone w nowy sterownik HMC 10-1 daj\u0105cy wiele mo\u017cliwo\u015bci kontroli m.in. sterowanie kilkoma obiegami grzewczymi lub ch\u0142odzeniem pasywnym. Moce grzewcze: 6, 8 i 10 kW.<\/p>\n<p><a href=\"https:\/\/buderus-shop.pl\"><img loading=\"lazy\" decoding=\"async\" class=\"alignnone size-full wp-image-85\" src=\"https:\/\/www.profi-term.pl\/wp-content\/uploads\/2017\/12\/cart.jpg\" alt=\"\" width=\"32\" height=\"28\" \/>kliknij i dowiedz si\u0119 wi\u0119cej w sklepie ON-LINE<br \/>\n<\/a><\/p>\n<hr \/><\/div>\n<div class=\"gca-column one-third first\"><a href=\"http:\/\/www.profi-term.pl\/wp-content\/uploads\/2017\/12\/Logatherm_WLW196i_AR_Tower_PL_1.jpg\"><img loading=\"lazy\" decoding=\"async\" class=\"alignnone size-full wp-image-117\" src=\"http:\/\/www.profi-term.pl\/wp-content\/uploads\/2017\/12\/Logatherm_WLW196i_AR_Tower_PL_1.jpg\" alt=\"\" width=\"193\" height=\"267\" \/><\/a><\/div>\n<div class=\"gca-column two-thirds\"><p><strong>Logatherm WLW196i AR<\/strong><\/p>\n<p>Logatherm WLW196i AR to najwy\u017cszej klasy pompa ciep\u0142a powietrze-woda o niezwykle nowoczesnym wygl\u0105dzie.<\/p>\n<p>Pompa ciep\u0142a Logatherm WLW196i AR sk\u0142ada si\u0119 z modu\u0142u zewn\u0119trznego oraz modu\u0142u wewn\u0119trznego. Dost\u0119p do obu element\u00f3w jest niezwykle \u0142atwy, a ich instalacja szybka. Modu\u0142y zewn\u0119trzny i wewn\u0119trzny po\u0142\u0105czone s\u0105 za pomoc\u0105 przewod\u00f3w instalacji wodnej.<\/p>\n<p><a href=\"https:\/\/buderus-shop.pl\"><img loading=\"lazy\" decoding=\"async\" class=\"alignnone size-full wp-image-85\" src=\"https:\/\/www.profi-term.pl\/wp-content\/uploads\/2017\/12\/cart.jpg\" alt=\"\" width=\"32\" height=\"28\" \/>kliknij i dowiedz si\u0119 wi\u0119cej w sklepie ON-LINE<br \/>\n<\/a><\/p>\n<hr \/><\/div>\n<div class=\"gca-column one-third first\"><a href=\"https:\/\/www.profi-term.pl\/wp-content\/uploads\/2017\/12\/Logatherm_WPLS.2_PL.jpg\"><img loading=\"lazy\" decoding=\"async\" class=\"alignnone size-medium wp-image-118\" src=\"https:\/\/www.profi-term.pl\/wp-content\/uploads\/2017\/12\/Logatherm_WPLS.2_PL-218x300.jpg\" alt=\"\" width=\"218\" height=\"300\" srcset=\"https:\/\/www.profi-term.pl\/wp-content\/uploads\/2017\/12\/Logatherm_WPLS.2_PL-218x300.jpg 218w, https:\/\/www.profi-term.pl\/wp-content\/uploads\/2017\/12\/Logatherm_WPLS.2_PL.jpg 290w\" sizes=\"auto, (max-width: 218px) 100vw, 218px\" \/><\/a><\/div>\n<div class=\"gca-column two-thirds\"><p><strong> Logatherm WPLS.2<\/strong><\/p>\n<p>Pompy ciep\u0142a powietrze-woda typu split Logatherm WPLS.2 to urz\u0105dzenia pobieraj\u0105ce energi\u0119 ciepln\u0105 z powietrza i przekazuj\u0105ce j\u0105 do wodnej instalacji grzewczej. Logatherm WPLS.2 sk\u0142ada si\u0119 z dw\u00f3ch element\u00f3w: jednostki zewn\u0119trznej i jednostki wewn\u0119trznej, po\u0142\u0105czonych ruroci\u0105giem wype\u0142nionym czynnikiem ch\u0142odniczym. Cz\u0119\u015b\u0107 wewn\u0119trzna dost\u0119pna jest w 4 wersjach do wyboru:<br \/>\n&#8211; modu\u0142 wewn\u0119trzny stoj\u0105cy RT z wbudowanym 190 litrowym zasobnikiem c.w.u.<br \/>\n&#8211; modu\u0142 wewn\u0119trzny stoj\u0105cy RTS z wbudowanym 184 litrowym zasobnikiem c.w.u. z w\u0119\u017cownic\u0105 solarn\u0105<br \/>\n&#8211; modu\u0142 wewn\u0119trzny wisz\u0105cy RE do samodzielnej pracy<br \/>\n&#8211; modu\u0142 wewn\u0119trzny wisz\u0105cy RB do wsp\u00f3\u0142pracy z innym urz\u0105dzeniem grzewczym<\/p>\n<p>Pompa ciep\u0142a dost\u0119pna jest w czterech mocach grzewczych: 6, 8, 11 i 13 kW. Wysoka sprawno\u015b\u0107 urz\u0105dzenia zapewniona, dzi\u0119ki modulowanej pracy spr\u0119\u017carki oraz nowoczesnemu uk\u0142adowi ch\u0142odniczemu i sterowaniu. Urz\u0105dzenie posiada nowoczesny regulator HMC 300 z wy\u015bwietlaczem, kontroluj\u0105cy: ogrzewanie, ch\u0142odzenie i produkcj\u0119 ciep\u0142ej wody. Pompy ciep\u0142a przeznaczone s\u0105 do budynk\u00f3w mieszkalnych lub niewielkich obiekt\u00f3w komercyjnych.<\/p>\n<p><a href=\"https:\/\/buderus-shop.pl\"><img loading=\"lazy\" decoding=\"async\" class=\"alignnone size-full wp-image-85\" src=\"https:\/\/www.profi-term.pl\/wp-content\/uploads\/2017\/12\/cart.jpg\" alt=\"\" width=\"32\" height=\"28\" \/>kliknij i dowiedz si\u0119 wi\u0119cej w sklepie ON-LINE<br \/>\n<\/a><\/p>\n<hr \/><\/div>\n<div class=\"gca-column one-third first\"><a href=\"https:\/\/www.profi-term.pl\/wp-content\/uploads\/2017\/12\/montaz_pompy_ciepla_v1_PL_1.jpg\"><img loading=\"lazy\" decoding=\"async\" class=\"alignnone size-medium wp-image-120\" src=\"https:\/\/www.profi-term.pl\/wp-content\/uploads\/2017\/12\/montaz_pompy_ciepla_v1_PL_1-288x300.jpg\" alt=\"\" width=\"288\" height=\"300\" srcset=\"https:\/\/www.profi-term.pl\/wp-content\/uploads\/2017\/12\/montaz_pompy_ciepla_v1_PL_1-288x300.jpg 288w, https:\/\/www.profi-term.pl\/wp-content\/uploads\/2017\/12\/montaz_pompy_ciepla_v1_PL_1-768x799.jpg 768w, https:\/\/www.profi-term.pl\/wp-content\/uploads\/2017\/12\/montaz_pompy_ciepla_v1_PL_1-984x1024.jpg 984w, https:\/\/www.profi-term.pl\/wp-content\/uploads\/2017\/12\/montaz_pompy_ciepla_v1_PL_1.jpg 1119w\" sizes=\"auto, (max-width: 288px) 100vw, 288px\" \/><\/a><\/div>\n<div class=\"gca-column two-thirds\"><p><strong>Logatherm WPT<\/strong><\/p>\n<p>Pompy ciep\u0142a Logatherm WPT efektywnie wykorzystuj\u0105 bezp\u0142atn\u0105 energi\u0119 z powietrza do przygotowania ciep\u0142ej wody u\u017cytkowej. Urz\u0105dzenia mog\u0105 wsp\u00f3\u0142pracowa\u0107 z innymi systemami grzewczymi a ich monta\u017c jest niezwykle \u0142atwy. Opr\u00f3cz tego, maj\u0105 dodatkow\u0105 zalet\u0119 \u2013 mog\u0105 zapewni\u0107 przyjemny ch\u0142\u00f3d w upalne dni. Do wyboru s\u0105 cztery modele, z kt\u00f3rych trzy o pojemno\u015bciach 200 i 250 litr\u00f3w pracuj\u0105 do temperatury powietrza 5\u00b0C, a czwarty model 270 nawet do -10\u00b0C!<br \/>\nCo ciekawe, automatyka pomp ciep\u0142a Logatherm WPT pozwala na ich zasilanie energi\u0105 z paneli fotowoltaicznych.<\/p>\n<p><a href=\"https:\/\/buderus-shop.pl\"><img loading=\"lazy\" decoding=\"async\" class=\"alignnone size-full wp-image-85\" src=\"https:\/\/www.profi-term.pl\/wp-content\/uploads\/2017\/12\/cart.jpg\" alt=\"\" width=\"32\" height=\"28\" \/>kliknij i dowiedz si\u0119 wi\u0119cej w sklepie ON-LINE<br \/>\n<\/a><\/p>\n<hr \/><\/div>\n","protected":false},"excerpt":{"rendered":"","protected":false},"author":1,"featured_media":0,"parent":0,"menu_order":0,"comment_status":"closed","ping_status":"closed","template":"","meta":{"footnotes":""},"class_list":["post-110","page","type-page","status-publish","hentry"],"yoast_head":"<!-- This site is optimized with the Yoast SEO plugin v26.3 - https:\/\/yoast.com\/wordpress\/plugins\/seo\/ -->\n<title>pompy ciep\u0142a - PROFI-TERM<\/title>\n<meta name=\"robots\" content=\"index, follow, max-snippet:-1, max-image-preview:large, max-video-preview:-1\" \/>\n<link rel=\"canonical\" href=\"https:\/\/www.profi-term.pl\/index.php\/pompy-ciepla\/\" \/>\n<meta property=\"og:locale\" content=\"pl_PL\" \/>\n<meta property=\"og:type\" content=\"article\" \/>\n<meta property=\"og:title\" content=\"pompy ciep\u0142a - PROFI-TERM\" \/>\n<meta property=\"og:url\" content=\"https:\/\/www.profi-term.pl\/index.php\/pompy-ciepla\/\" \/>\n<meta property=\"og:site_name\" content=\"PROFI-TERM\" \/>\n<meta property=\"article:publisher\" content=\"https:\/\/www.facebook.com\/people\/Profi-Term-technika-grzewcza\/100065437151953\/\" \/>\n<meta property=\"article:modified_time\" content=\"2020-09-29T07:06:17+00:00\" \/>\n<meta property=\"og:image\" content=\"https:\/\/www.profi-term.pl\/wp-content\/uploads\/2017\/12\/WSW196i_AR_Tower_links_schwarz_PL-300x300.jpg\" \/>\n<meta name=\"twitter:card\" content=\"summary_large_image\" \/>\n<meta name=\"twitter:label1\" content=\"Szacowany czas czytania\" \/>\n\t<meta name=\"twitter:data1\" content=\"3 minuty\" \/>\n<script type=\"application\/ld+json\" class=\"yoast-schema-graph\">{\"@context\":\"https:\/\/schema.org\",\"@graph\":[{\"@type\":\"WebPage\",\"@id\":\"https:\/\/www.profi-term.pl\/index.php\/pompy-ciepla\/\",\"url\":\"https:\/\/www.profi-term.pl\/index.php\/pompy-ciepla\/\",\"name\":\"pompy ciep\u0142a - PROFI-TERM\",\"isPartOf\":{\"@id\":\"https:\/\/www.profi-term.pl\/#website\"},\"primaryImageOfPage\":{\"@id\":\"https:\/\/www.profi-term.pl\/index.php\/pompy-ciepla\/#primaryimage\"},\"image\":{\"@id\":\"https:\/\/www.profi-term.pl\/index.php\/pompy-ciepla\/#primaryimage\"},\"thumbnailUrl\":\"https:\/\/www.profi-term.pl\/wp-content\/uploads\/2017\/12\/WSW196i_AR_Tower_links_schwarz_PL-300x300.jpg\",\"datePublished\":\"2017-12-21T08:08:46+00:00\",\"dateModified\":\"2020-09-29T07:06:17+00:00\",\"breadcrumb\":{\"@id\":\"https:\/\/www.profi-term.pl\/index.php\/pompy-ciepla\/#breadcrumb\"},\"inLanguage\":\"pl-PL\",\"potentialAction\":[{\"@type\":\"ReadAction\",\"target\":[\"https:\/\/www.profi-term.pl\/index.php\/pompy-ciepla\/\"]}]},{\"@type\":\"ImageObject\",\"inLanguage\":\"pl-PL\",\"@id\":\"https:\/\/www.profi-term.pl\/index.php\/pompy-ciepla\/#primaryimage\",\"url\":\"https:\/\/www.profi-term.pl\/wp-content\/uploads\/2017\/12\/WSW196i_AR_Tower_links_schwarz_PL.jpg\",\"contentUrl\":\"https:\/\/www.profi-term.pl\/wp-content\/uploads\/2017\/12\/WSW196i_AR_Tower_links_schwarz_PL.jpg\",\"width\":500,\"height\":500},{\"@type\":\"BreadcrumbList\",\"@id\":\"https:\/\/www.profi-term.pl\/index.php\/pompy-ciepla\/#breadcrumb\",\"itemListElement\":[{\"@type\":\"ListItem\",\"position\":1,\"name\":\"Strona g\u0142\u00f3wna\",\"item\":\"https:\/\/www.profi-term.pl\/\"},{\"@type\":\"ListItem\",\"position\":2,\"name\":\"pompy ciep\u0142a\"}]},{\"@type\":\"WebSite\",\"@id\":\"https:\/\/www.profi-term.pl\/#website\",\"url\":\"https:\/\/www.profi-term.pl\/\",\"name\":\"PROFI-TERM\",\"description\":\"PROFI-TERM - BUDERUS\",\"publisher\":{\"@id\":\"https:\/\/www.profi-term.pl\/#organization\"},\"potentialAction\":[{\"@type\":\"SearchAction\",\"target\":{\"@type\":\"EntryPoint\",\"urlTemplate\":\"https:\/\/www.profi-term.pl\/?s={search_term_string}\"},\"query-input\":{\"@type\":\"PropertyValueSpecification\",\"valueRequired\":true,\"valueName\":\"search_term_string\"}}],\"inLanguage\":\"pl-PL\"},{\"@type\":\"Organization\",\"@id\":\"https:\/\/www.profi-term.pl\/#organization\",\"name\":\"PROFI-TERM\",\"url\":\"https:\/\/www.profi-term.pl\/\",\"logo\":{\"@type\":\"ImageObject\",\"inLanguage\":\"pl-PL\",\"@id\":\"https:\/\/www.profi-term.pl\/#\/schema\/logo\/image\/\",\"url\":\"https:\/\/www.profi-term.pl\/wp-content\/uploads\/2024\/06\/logo_www1-1-1.jpg\",\"contentUrl\":\"https:\/\/www.profi-term.pl\/wp-content\/uploads\/2024\/06\/logo_www1-1-1.jpg\",\"width\":269,\"height\":96,\"caption\":\"PROFI-TERM\"},\"image\":{\"@id\":\"https:\/\/www.profi-term.pl\/#\/schema\/logo\/image\/\"},\"sameAs\":[\"https:\/\/www.facebook.com\/people\/Profi-Term-technika-grzewcza\/100065437151953\/\"]}]}<\/script>\n<!-- \/ Yoast SEO plugin. -->","yoast_head_json":{"title":"pompy ciep\u0142a - PROFI-TERM","robots":{"index":"index","follow":"follow","max-snippet":"max-snippet:-1","max-image-preview":"max-image-preview:large","max-video-preview":"max-video-preview:-1"},"canonical":"https:\/\/www.profi-term.pl\/index.php\/pompy-ciepla\/","og_locale":"pl_PL","og_type":"article","og_title":"pompy ciep\u0142a - PROFI-TERM","og_url":"https:\/\/www.profi-term.pl\/index.php\/pompy-ciepla\/","og_site_name":"PROFI-TERM","article_publisher":"https:\/\/www.facebook.com\/people\/Profi-Term-technika-grzewcza\/100065437151953\/","article_modified_time":"2020-09-29T07:06:17+00:00","og_image":[{"url":"https:\/\/www.profi-term.pl\/wp-content\/uploads\/2017\/12\/WSW196i_AR_Tower_links_schwarz_PL-300x300.jpg","type":"","width":"","height":""}],"twitter_card":"summary_large_image","twitter_misc":{"Szacowany czas czytania":"3 minuty"},"schema":{"@context":"https:\/\/schema.org","@graph":[{"@type":"WebPage","@id":"https:\/\/www.profi-term.pl\/index.php\/pompy-ciepla\/","url":"https:\/\/www.profi-term.pl\/index.php\/pompy-ciepla\/","name":"pompy ciep\u0142a - PROFI-TERM","isPartOf":{"@id":"https:\/\/www.profi-term.pl\/#website"},"primaryImageOfPage":{"@id":"https:\/\/www.profi-term.pl\/index.php\/pompy-ciepla\/#primaryimage"},"image":{"@id":"https:\/\/www.profi-term.pl\/index.php\/pompy-ciepla\/#primaryimage"},"thumbnailUrl":"https:\/\/www.profi-term.pl\/wp-content\/uploads\/2017\/12\/WSW196i_AR_Tower_links_schwarz_PL-300x300.jpg","datePublished":"2017-12-21T08:08:46+00:00","dateModified":"2020-09-29T07:06:17+00:00","breadcrumb":{"@id":"https:\/\/www.profi-term.pl\/index.php\/pompy-ciepla\/#breadcrumb"},"inLanguage":"pl-PL","potentialAction":[{"@type":"ReadAction","target":["https:\/\/www.profi-term.pl\/index.php\/pompy-ciepla\/"]}]},{"@type":"ImageObject","inLanguage":"pl-PL","@id":"https:\/\/www.profi-term.pl\/index.php\/pompy-ciepla\/#primaryimage","url":"https:\/\/www.profi-term.pl\/wp-content\/uploads\/2017\/12\/WSW196i_AR_Tower_links_schwarz_PL.jpg","contentUrl":"https:\/\/www.profi-term.pl\/wp-content\/uploads\/2017\/12\/WSW196i_AR_Tower_links_schwarz_PL.jpg","width":500,"height":500},{"@type":"BreadcrumbList","@id":"https:\/\/www.profi-term.pl\/index.php\/pompy-ciepla\/#breadcrumb","itemListElement":[{"@type":"ListItem","position":1,"name":"Strona g\u0142\u00f3wna","item":"https:\/\/www.profi-term.pl\/"},{"@type":"ListItem","position":2,"name":"pompy ciep\u0142a"}]},{"@type":"WebSite","@id":"https:\/\/www.profi-term.pl\/#website","url":"https:\/\/www.profi-term.pl\/","name":"PROFI-TERM","description":"PROFI-TERM - BUDERUS","publisher":{"@id":"https:\/\/www.profi-term.pl\/#organization"},"potentialAction":[{"@type":"SearchAction","target":{"@type":"EntryPoint","urlTemplate":"https:\/\/www.profi-term.pl\/?s={search_term_string}"},"query-input":{"@type":"PropertyValueSpecification","valueRequired":true,"valueName":"search_term_string"}}],"inLanguage":"pl-PL"},{"@type":"Organization","@id":"https:\/\/www.profi-term.pl\/#organization","name":"PROFI-TERM","url":"https:\/\/www.profi-term.pl\/","logo":{"@type":"ImageObject","inLanguage":"pl-PL","@id":"https:\/\/www.profi-term.pl\/#\/schema\/logo\/image\/","url":"https:\/\/www.profi-term.pl\/wp-content\/uploads\/2024\/06\/logo_www1-1-1.jpg","contentUrl":"https:\/\/www.profi-term.pl\/wp-content\/uploads\/2024\/06\/logo_www1-1-1.jpg","width":269,"height":96,"caption":"PROFI-TERM"},"image":{"@id":"https:\/\/www.profi-term.pl\/#\/schema\/logo\/image\/"},"sameAs":["https:\/\/www.facebook.com\/people\/Profi-Term-technika-grzewcza\/100065437151953\/"]}]}},"_links":{"self":[{"href":"https:\/\/www.profi-term.pl\/index.php\/wp-json\/wp\/v2\/pages\/110","targetHints":{"allow":["GET"]}}],"collection":[{"href":"https:\/\/www.profi-term.pl\/index.php\/wp-json\/wp\/v2\/pages"}],"about":[{"href":"https:\/\/www.profi-term.pl\/index.php\/wp-json\/wp\/v2\/types\/page"}],"author":[{"embeddable":true,"href":"https:\/\/www.profi-term.pl\/index.php\/wp-json\/wp\/v2\/users\/1"}],"replies":[{"embeddable":true,"href":"https:\/\/www.profi-term.pl\/index.php\/wp-json\/wp\/v2\/comments?post=110"}],"version-history":[{"count":6,"href":"https:\/\/www.profi-term.pl\/index.php\/wp-json\/wp\/v2\/pages\/110\/revisions"}],"predecessor-version":[{"id":184,"href":"https:\/\/www.profi-term.pl\/index.php\/wp-json\/wp\/v2\/pages\/110\/revisions\/184"}],"wp:attachment":[{"href":"https:\/\/www.profi-term.pl\/index.php\/wp-json\/wp\/v2\/media?parent=110"}],"curies":[{"name":"wp","href":"https:\/\/api.w.org\/{rel}","templated":true}]}}