{"id":12,"date":"2017-12-18T13:10:01","date_gmt":"2017-12-18T12:10:01","guid":{"rendered":"http:\/\/www.profi-term.pl\/?page_id=12"},"modified":"2020-09-22T09:41:09","modified_gmt":"2020-09-22T07:41:09","slug":"kontakt","status":"publish","type":"page","link":"https:\/\/www.profi-term.pl\/index.php\/kontakt\/","title":{"rendered":"kontakt"},"content":{"rendered":"<p>F.H.U. Profi-term<br \/>\nul. \u015aw. Antoniego 49<br \/>\n41-303 D\u0105browa G\u00f3rnicza<\/p>\n<p>Nip: 629-105-82-88<br \/>\ntel. 032 264 15 52<br \/>\nfax 032 264 15 54<\/p>\n<p>tel. kom. +48 501 465 552<br \/>\ntel. kom. +48 506 056 625<br \/>\ne-mail: <a href=\"mailto:biuro@profi-term.pl\">biuro@profi-term.pl<\/a><\/p>\n","protected":false},"excerpt":{"rendered":"<p>F.H.U. Profi-term ul. \u015aw. Antoniego 49 41-303 D\u0105browa G\u00f3rnicza Nip: 629-105-82-88 tel. 032 264 15 52 fax 032 264 15 54 tel. kom. +48 501 465 552 tel. kom. +48 506 056<a class=\"moretag\" href=\"https:\/\/www.profi-term.pl\/index.php\/kontakt\/\">Read More&#8230;<\/a><\/p>\n","protected":false},"author":1,"featured_media":0,"parent":0,"menu_order":0,"comment_status":"closed","ping_status":"closed","template":"","meta":{"footnotes":""},"class_list":["post-12","page","type-page","status-publish","hentry"],"yoast_head":"<!-- This site is optimized with the Yoast SEO plugin v26.3 - https:\/\/yoast.com\/wordpress\/plugins\/seo\/ -->\n<title>kontakt - PROFI-TERM<\/title>\n<meta name=\"robots\" content=\"index, follow, max-snippet:-1, max-image-preview:large, max-video-preview:-1\" \/>\n<link rel=\"canonical\" href=\"https:\/\/www.profi-term.pl\/index.php\/kontakt\/\" \/>\n<meta property=\"og:locale\" content=\"pl_PL\" \/>\n<meta property=\"og:type\" content=\"article\" \/>\n<meta property=\"og:title\" content=\"kontakt - PROFI-TERM\" \/>\n<meta property=\"og:description\" content=\"F.H.U. Profi-term ul. \u015aw. Antoniego 49 41-303 D\u0105browa G\u00f3rnicza Nip: 629-105-82-88 tel. 032 264 15 52 fax 032 264 15 54 tel. kom. +48 501 465 552 tel. kom. +48 506 056Read More...\" \/>\n<meta property=\"og:url\" content=\"https:\/\/www.profi-term.pl\/index.php\/kontakt\/\" \/>\n<meta property=\"og:site_name\" content=\"PROFI-TERM\" \/>\n<meta property=\"article:publisher\" content=\"https:\/\/www.facebook.com\/people\/Profi-Term-technika-grzewcza\/100065437151953\/\" \/>\n<meta property=\"article:modified_time\" content=\"2020-09-22T07:41:09+00:00\" \/>\n<meta name=\"twitter:card\" content=\"summary_large_image\" \/>\n<script type=\"application\/ld+json\" class=\"yoast-schema-graph\">{\"@context\":\"https:\/\/schema.org\",\"@graph\":[{\"@type\":\"WebPage\",\"@id\":\"https:\/\/www.profi-term.pl\/index.php\/kontakt\/\",\"url\":\"https:\/\/www.profi-term.pl\/index.php\/kontakt\/\",\"name\":\"kontakt - PROFI-TERM\",\"isPartOf\":{\"@id\":\"https:\/\/www.profi-term.pl\/#website\"},\"datePublished\":\"2017-12-18T12:10:01+00:00\",\"dateModified\":\"2020-09-22T07:41:09+00:00\",\"breadcrumb\":{\"@id\":\"https:\/\/www.profi-term.pl\/index.php\/kontakt\/#breadcrumb\"},\"inLanguage\":\"pl-PL\",\"potentialAction\":[{\"@type\":\"ReadAction\",\"target\":[\"https:\/\/www.profi-term.pl\/index.php\/kontakt\/\"]}]},{\"@type\":\"BreadcrumbList\",\"@id\":\"https:\/\/www.profi-term.pl\/index.php\/kontakt\/#breadcrumb\",\"itemListElement\":[{\"@type\":\"ListItem\",\"position\":1,\"name\":\"Strona g\u0142\u00f3wna\",\"item\":\"https:\/\/www.profi-term.pl\/\"},{\"@type\":\"ListItem\",\"position\":2,\"name\":\"kontakt\"}]},{\"@type\":\"WebSite\",\"@id\":\"https:\/\/www.profi-term.pl\/#website\",\"url\":\"https:\/\/www.profi-term.pl\/\",\"name\":\"PROFI-TERM\",\"description\":\"PROFI-TERM - BUDERUS\",\"publisher\":{\"@id\":\"https:\/\/www.profi-term.pl\/#organization\"},\"potentialAction\":[{\"@type\":\"SearchAction\",\"target\":{\"@type\":\"EntryPoint\",\"urlTemplate\":\"https:\/\/www.profi-term.pl\/?s={search_term_string}\"},\"query-input\":{\"@type\":\"PropertyValueSpecification\",\"valueRequired\":true,\"valueName\":\"search_term_string\"}}],\"inLanguage\":\"pl-PL\"},{\"@type\":\"Organization\",\"@id\":\"https:\/\/www.profi-term.pl\/#organization\",\"name\":\"PROFI-TERM\",\"url\":\"https:\/\/www.profi-term.pl\/\",\"logo\":{\"@type\":\"ImageObject\",\"inLanguage\":\"pl-PL\",\"@id\":\"https:\/\/www.profi-term.pl\/#\/schema\/logo\/image\/\",\"url\":\"https:\/\/www.profi-term.pl\/wp-content\/uploads\/2024\/06\/logo_www1-1-1.jpg\",\"contentUrl\":\"https:\/\/www.profi-term.pl\/wp-content\/uploads\/2024\/06\/logo_www1-1-1.jpg\",\"width\":269,\"height\":96,\"caption\":\"PROFI-TERM\"},\"image\":{\"@id\":\"https:\/\/www.profi-term.pl\/#\/schema\/logo\/image\/\"},\"sameAs\":[\"https:\/\/www.facebook.com\/people\/Profi-Term-technika-grzewcza\/100065437151953\/\"]}]}<\/script>\n<!-- \/ Yoast SEO plugin. -->","yoast_head_json":{"title":"kontakt - PROFI-TERM","robots":{"index":"index","follow":"follow","max-snippet":"max-snippet:-1","max-image-preview":"max-image-preview:large","max-video-preview":"max-video-preview:-1"},"canonical":"https:\/\/www.profi-term.pl\/index.php\/kontakt\/","og_locale":"pl_PL","og_type":"article","og_title":"kontakt - PROFI-TERM","og_description":"F.H.U. Profi-term ul. \u015aw. Antoniego 49 41-303 D\u0105browa G\u00f3rnicza Nip: 629-105-82-88 tel. 032 264 15 52 fax 032 264 15 54 tel. kom. +48 501 465 552 tel. kom. +48 506 056Read More...","og_url":"https:\/\/www.profi-term.pl\/index.php\/kontakt\/","og_site_name":"PROFI-TERM","article_publisher":"https:\/\/www.facebook.com\/people\/Profi-Term-technika-grzewcza\/100065437151953\/","article_modified_time":"2020-09-22T07:41:09+00:00","twitter_card":"summary_large_image","schema":{"@context":"https:\/\/schema.org","@graph":[{"@type":"WebPage","@id":"https:\/\/www.profi-term.pl\/index.php\/kontakt\/","url":"https:\/\/www.profi-term.pl\/index.php\/kontakt\/","name":"kontakt - PROFI-TERM","isPartOf":{"@id":"https:\/\/www.profi-term.pl\/#website"},"datePublished":"2017-12-18T12:10:01+00:00","dateModified":"2020-09-22T07:41:09+00:00","breadcrumb":{"@id":"https:\/\/www.profi-term.pl\/index.php\/kontakt\/#breadcrumb"},"inLanguage":"pl-PL","potentialAction":[{"@type":"ReadAction","target":["https:\/\/www.profi-term.pl\/index.php\/kontakt\/"]}]},{"@type":"BreadcrumbList","@id":"https:\/\/www.profi-term.pl\/index.php\/kontakt\/#breadcrumb","itemListElement":[{"@type":"ListItem","position":1,"name":"Strona g\u0142\u00f3wna","item":"https:\/\/www.profi-term.pl\/"},{"@type":"ListItem","position":2,"name":"kontakt"}]},{"@type":"WebSite","@id":"https:\/\/www.profi-term.pl\/#website","url":"https:\/\/www.profi-term.pl\/","name":"PROFI-TERM","description":"PROFI-TERM - BUDERUS","publisher":{"@id":"https:\/\/www.profi-term.pl\/#organization"},"potentialAction":[{"@type":"SearchAction","target":{"@type":"EntryPoint","urlTemplate":"https:\/\/www.profi-term.pl\/?s={search_term_string}"},"query-input":{"@type":"PropertyValueSpecification","valueRequired":true,"valueName":"search_term_string"}}],"inLanguage":"pl-PL"},{"@type":"Organization","@id":"https:\/\/www.profi-term.pl\/#organization","name":"PROFI-TERM","url":"https:\/\/www.profi-term.pl\/","logo":{"@type":"ImageObject","inLanguage":"pl-PL","@id":"https:\/\/www.profi-term.pl\/#\/schema\/logo\/image\/","url":"https:\/\/www.profi-term.pl\/wp-content\/uploads\/2024\/06\/logo_www1-1-1.jpg","contentUrl":"https:\/\/www.profi-term.pl\/wp-content\/uploads\/2024\/06\/logo_www1-1-1.jpg","width":269,"height":96,"caption":"PROFI-TERM"},"image":{"@id":"https:\/\/www.profi-term.pl\/#\/schema\/logo\/image\/"},"sameAs":["https:\/\/www.facebook.com\/people\/Profi-Term-technika-grzewcza\/100065437151953\/"]}]}},"_links":{"self":[{"href":"https:\/\/www.profi-term.pl\/index.php\/wp-json\/wp\/v2\/pages\/12","targetHints":{"allow":["GET"]}}],"collection":[{"href":"https:\/\/www.profi-term.pl\/index.php\/wp-json\/wp\/v2\/pages"}],"about":[{"href":"https:\/\/www.profi-term.pl\/index.php\/wp-json\/wp\/v2\/types\/page"}],"author":[{"embeddable":true,"href":"https:\/\/www.profi-term.pl\/index.php\/wp-json\/wp\/v2\/users\/1"}],"replies":[{"embeddable":true,"href":"https:\/\/www.profi-term.pl\/index.php\/wp-json\/wp\/v2\/comments?post=12"}],"version-history":[{"count":11,"href":"https:\/\/www.profi-term.pl\/index.php\/wp-json\/wp\/v2\/pages\/12\/revisions"}],"predecessor-version":[{"id":179,"href":"https:\/\/www.profi-term.pl\/index.php\/wp-json\/wp\/v2\/pages\/12\/revisions\/179"}],"wp:attachment":[{"href":"https:\/\/www.profi-term.pl\/index.php\/wp-json\/wp\/v2\/media?parent=12"}],"curies":[{"name":"wp","href":"https:\/\/api.w.org\/{rel}","templated":true}]}}