{"id":6,"date":"2017-12-18T13:09:14","date_gmt":"2017-12-18T12:09:14","guid":{"rendered":"http:\/\/www.profi-term.pl\/?page_id=6"},"modified":"2024-06-20T09:35:04","modified_gmt":"2024-06-20T07:35:04","slug":"strona-glowna","status":"publish","type":"page","link":"https:\/\/www.profi-term.pl\/","title":{"rendered":"strona g\u0142\u00f3wna"},"content":{"rendered":"<p align=\"justify\"><span class=\"style29\">Firma Handlowo Us\u0142ugowa <strong>Profi-Term<\/strong>, to przedsi\u0119biorstwo, kt\u00f3rego dzia\u0142alno\u015b\u0107 oparta jest na zdobytych przez szereg lat wiedzy<br \/>\ni do\u015bwiadczeniu w bran\u017cy grzewczej.<br \/>\nZapewniamy swoim klientom kompleksow\u0105 obs\u0142ug\u0119 w zakresie doboru, instalacji oraz serwisu nowoczesnych system\u00f3w grzewczych.<\/span><\/p>\n<p class=\"style29\" align=\"justify\">Jeste\u015bmy dealerem czo\u0142owej na rynku europejskim niemieckiej firmy BUDERUS Technika Grzewcza.<\/p>\n<p>Proponujemy nowoczesne rozwi\u0105zania oraz technologie w zakresie techniki grzewczej na potrzeby budownictwa jedno-, wielorodzinnego oraz w obiektach u\u017cyteczno\u015bci publicznej.<\/p>\n<p>Dbaj\u0105c o zadowolenie klienta oraz d\u0105\u017c\u0105c do najwy\u017cszej efektywno\u015bci starannie dobieramy poszczeg\u00f3lne elementy naszej oferty. Zwracamy szczeg\u00f3ln\u0105 uwag\u0119 na potrzeby i mo\u017cliwo\u015bci klienta. Dobieramy urz\u0105dzenia razem z inwestorem i projektantem, co pozwala cieszy\u0107 si\u0119 zar\u00f3wno bezpiecznym i energooszcz\u0119dnym ciep\u0142em oraz estetycznym i nowoczesnym wygl\u0105dem.<\/p>\n<hr \/>\n<style>\r\n\/*===== general options =========*\/\r\na {\r\n    box-shadow: none !important;\r\n}\r\n\r\n.view *:not(i), .album_categories *, .album_back_button *, #album_disabled_layer {\r\n    font-family: sans-serif, Arial, Verdana, Sylfaen !important;\r\n}\r\n\r\n#album_disabled_layer {\r\n    display: none;\r\n    position: absolute;\r\n    width: 100%;\r\n    height: 100%;\r\n    text-align: center;\r\n    background-color: transparent;\r\n    z-index: 10;\r\n    padding-top: 20px;\r\n    color: #fff;\r\n}\r\n\r\n#album_list_container {\r\n    position: relative;\r\n}\r\n\r\n\/* ====================== album onhover styles ==========================*\/\r\n\r\n#album_list .view {\r\n    -webkit-box-sizing: border-box;\r\n    -moz-box-sizing: border-box;\r\n    -o-box-sizing: border-box;\r\n    display: none;\r\n\r\n}\r\n\r\n.view .mask,\r\n.view .content {\r\n    width: 100%;\r\n    height: 100%;\r\n    position: absolute;\r\n    overflow: hidden;\r\n    top: 0;\r\n    left: 0;\r\n}\r\n\r\n.view h2 {\r\n    text-transform: uppercase;\r\n    color: #fff;\r\n    text-align: center;\r\n    position: relative;\r\n    font-size: 17px;\r\n    font-family: Raleway, serif;\r\n    padding: 10px;\r\n    \/*background: rgba(0, 0, 0, 0.8);*\/\r\n    margin: 20px 0 0 0;\r\n\r\n}\r\n\r\n.album_back_button a, .view a {\r\n    text-decoration: none !important;\r\n}\r\n\r\n.view p {\r\n    font-family: Merriweather, serif;\r\n    font-style: italic;\r\n    font-size: 14px;\r\n    position: relative;\r\n    color: #fff;\r\n    padding: 0px 20px 0px;\r\n    text-align: center;\r\n\r\n}\r\n\r\n.view a.info {\r\n    display: inline-block;\r\n    text-decoration: none;\r\n    font-size: 13px;\r\n    padding: 2px 14px;\r\n    margin-bottom: 3px;\r\n    background: #000;\r\n    color: #fff;\r\n    font-family: Raleway, serif;\r\n    text-transform: uppercase;\r\n    box-shadow: 0 0 1px #000\r\n}\r\n\r\n.mask-text h2 {\r\n    font-size: 20px !important;\r\n}\r\n\r\n.view a.info:hover {\r\n    box-shadow: 0 0 5px #000\r\n}\r\n\r\n.view .mask-bg {\r\n    height: 100%;\r\n}\r\n\r\n.view .album_social {\r\n    color: #fff;\r\n    position: absolute;\r\n    bottom: 3px;\r\n    left: 3px;\r\n    border: 1px solid #ffffff;\r\n    -webkit-border-radius: 3px;\r\n    -moz-border-radius: 3px;\r\n    border-radius: 3px;\r\n    padding: 3px 5px;\r\n\r\n}\r\n\r\n.view .album_social:active, .view .album_social:focus, .view .album_social:hover {\r\n    color: #ffffff;\r\n    outline: none;\r\n}\r\n\r\n\/*1*\/\r\n\r\n.view .info {\r\n    margin-top: 5px;\r\n}\r\n\r\n.view-first .mask {\r\n    opacity: 0;\r\n    background-color: rgba(0, 0, 0, 0.7);\r\n    transition: all 0.4s ease-in-out;\r\n\r\n}\r\n\r\n.view-first h2 {\r\n    transform: translateY(-100px);\r\n    opacity: 0;\r\n    font-family: Raleway, serif;\r\n    transition: all 0.2s ease-in-out;\r\n}\r\n\r\n.view-first p {\r\n    transform: translateY(100px);\r\n    opacity: 0;\r\n    transition: all 0.2s linear;\r\n}\r\n\r\n.view-first a.info {\r\n    opacity: 0;\r\n    transition: all 0.2s ease-in-out;\r\n}\r\n\r\n\/* *\/\r\n\r\n.view-first:hover img {\r\n    \/*transform: scale(1.1);*\/\r\n}\r\n\r\n.view-first:hover .mask {\r\n    opacity: 1;\r\n}\r\n\r\n.view-first:hover h2,\r\n.view-first:hover p,\r\n.view-first:hover a.info {\r\n    opacity: 1;\r\n    transform: translateY(0px);\r\n}\r\n\r\n.view-first:hover p {\r\n    transition-delay: 0.1s;\r\n}\r\n\r\n.view-first:hover a.info {\r\n    transition-delay: 0.2s;\r\n}\r\n\r\n\/*2*\/\r\n.view-second img {\r\n    -webkit-filter: grayscale(0) blur(0);\r\n    filter: grayscale(0) blur(0);\r\n    -webkit-transition: .3s ease-in-out;\r\n    transition: .3s ease-in-out;\r\n}\r\n\r\n.view-second .mask {\r\n    background-color: rgba(226, 200, 127, 0.2);\r\n    transition: all 0.5s linear;\r\n    opacity: 0;\r\n}\r\n\r\n.view-second h2 {\r\n    background: transparent;\r\n    margin: 20px 40px 0px 40px;\r\n    transform: scale(0);\r\n    color: #333;\r\n    transition: all 0.5s linear;\r\n    opacity: 0;\r\n}\r\n\r\n.view-second p {\r\n    opacity: 0;\r\n    transform: scale(0);\r\n    transition: all 0.5s linear;\r\n}\r\n\r\n.view-second a.info {\r\n    opacity: 0;\r\n    transform: scale(0);\r\n    transition: all 0.5s linear;\r\n}\r\n\r\n.view-second:hover img {\r\n    -webkit-filter: grayscale(100%) blur(3px);\r\n    filter: grayscale(100%) blur(3px);\r\n}\r\n\r\n.view-second:hover .mask {\r\n    opacity: 1;\r\n}\r\n\r\n.view-second:hover h2,\r\n.view-second:hover p,\r\n.view-second:hover a.info {\r\n    transform: scale(1);\r\n    opacity: 1;\r\n}\r\n\r\n.view-second img {\r\n    -webkit-filter: grayscale(0) blur(0);\r\n    filter: grayscale(0) blur(0);\r\n    -webkit-transition: .3s ease-in-out;\r\n    transition: .3s ease-in-out;\r\n}\r\n\r\n.view-second:hover img {\r\n    -webkit-filter: grayscale(100%) blur(3px);\r\n    filter: grayscale(100%) blur(3px);\r\n}\r\n\r\n\/*3*\/\r\n\r\n.view-third img {\r\n    transform: scaleY(1);\r\n    transition: all .7s ease-in-out;\r\n}\r\n\r\n.view-third a.info {\r\n    opacity: 0;\r\n    transform: scale(0);\r\n    transition: all 0.5s linear;\r\n}\r\n\r\n.view-third:hover img {\r\n    -webkit-transform: scale(10);\r\n    transform: scale(10);\r\n    opacity: 0;\r\n}\r\n\r\n.view-third:hover .mask {\r\n    opacity: 1;\r\n}\r\n\r\n.view-third:hover h2,\r\n.view-third:hover p,\r\n.view-third:hover a.info {\r\n    transform: scale(1);\r\n    opacity: 1;\r\n}\r\n\r\n\/* ==== view 4 ===*\/\r\n\r\n.view-forth-wrapper {\r\n    overflow: hidden;\r\n    position: relative !important;\r\n    height: 100%;\r\n    \/* cursor: pointer;*\/\r\n}\r\n\r\n.view-forth img {\r\n    max-width: 100%;\r\n    position: relative;\r\n    top: 0;\r\n    -webkit-transition: all 600ms cubic-bezier(0.645, 0.045, 0.355, 1);\r\n    transition: all 600ms cubic-bezier(0.645, 0.045, 0.355, 1);\r\n}\r\n\r\n.view-forth .mask {\r\n    position: absolute;\r\n    width: 100%;\r\n    \/*    height: 70px;*\/\r\n    \/*    bottom: -70px;*\/\r\n    height: 50%;\r\n    bottom: -50%;\r\n    -webkit-transition: all 300ms cubic-bezier(0.645, 0.045, 0.355, 1);\r\n    transition: all 300ms cubic-bezier(0.645, 0.045, 0.355, 1);\r\n    top: inherit;\r\n}\r\n\r\n.view-forth:hover .mask {\r\n    bottom: 0;\r\n}\r\n\r\n.view-forth:hover img {\r\n    top: -30px;\r\n}\r\n\r\n\/*==  view 5 ==*\/\r\n\r\n.view-fifth .view-fifth-wrapper,\r\n.view-fifth .view-fifth-wrapper img {\r\n    display: block;\r\n    position: relative;\r\n}\r\n\r\n.view-fifth .view-fifth-wrapper {\r\n    overflow: hidden;\r\n    height: 100%;\r\n}\r\n\r\n.view-fifth .view-fifth-wrapper .mask {\r\n    display: none;\r\n    position: absolute;\r\n    background: #333;\r\n    background: rgba(75, 75, 75, 0.7);\r\n    width: 100%;\r\n    height: 100%;\r\n}\r\n\r\n\/* ====================== album category styles ==========================*\/\r\n\r\n#filters {\r\n    margin: 1% 0;\r\n    padding: 0;\r\n    list-style: none;\r\n    list-style-type: none !important;\r\n\r\n}\r\n\r\n#filters li {\r\n    float: left;\r\n    list-style-type: none !important;\r\n}\r\n\r\n#filters li:first-child span {\r\n    margin-left: 0px;\r\n}\r\n\r\n#filters li span {\r\n    display: block;\r\n    text-decoration: none;\r\n    cursor: pointer;\r\n}\r\n\r\n.album_categories {\r\n    list-style-type: none;\r\n    margin: 0;\r\n    padding: 0;\r\n    overflow: hidden;\r\n    padding-top: 5px;\r\n}\r\n\r\n\/*=========  sharing buttons  ============*\/\r\n\r\n.album_socials {\r\n    position: relative;\r\n    top: 3px;\r\n    width: 100px;\r\n    height: 28px;\r\n    margin: 0 auto;\r\n}\r\n\r\n.album_socials .rwd-share-buttons {\r\n    top: 0px !important;\r\n    width: 100% !important;\r\n    margin: 0px !important;\r\n}\r\n\r\n.album_socials a {\r\n    text-decoration: underline !important;\r\n}\r\n\r\n.gallery_images, .album_image_place {\r\n    margin-top: 15px;\r\n    margin-top: 15px;\r\n}\r\n\r\n#rwd-share-facebook:hover {\r\n    background-position: 0 -31px !important;\r\n}\r\n\r\n#rwd-share-twitter:hover {\r\n    background-position: -31px 32px !important;\r\n}\r\n\r\n#rwd-share-googleplus:hover {\r\n    background-position: -66px -31px !important;\r\n}\r\n\r\n.rwd-share-buttons li, .rwd-share-buttons li a {\r\n    width: 26px !important;\r\n    border: 0px !important;\r\n}\r\n\r\n.rwd-share-buttons {\r\n    top: 0 !important;\r\n}\r\n\r\n.img_link_btn {\r\n    position: absolute;\r\n    z-index: 99999;\r\n    bottom: 0;\r\n    left: 0;\r\n    right: 0;\r\n    width: 100%;\r\n    padding: 8px;\r\n}\r\n\r\n.rwd-title {\r\n    padding: 10px 0px !important;\r\n}\r\n\r\n@media only screen and (max-width: 475px) {\r\n    .rwd-share-buttons {\r\n        top: -25px !important;\r\n    }\r\n\r\n    .rwd-title-text {\r\n        line-height: 15px;\r\n    }\r\n}\r\n\r\n\/*=========  hover style ===========*\/\r\n\r\n#hover {\r\n    color: rgba(188, 175, 204, 0.9);\r\n}\r\n\r\nh2#testimonials {\r\n    color: #fffae3;\r\n}\r\n\r\ndiv#all {\r\n    width: 100%;\r\n    height: 100%;\r\n}\r\n\r\n.view img {\r\n    height: auto;\r\n}\r\n\r\n.view {\r\n    color: #fff;\r\n    margin: 0 10px 10px 0;\r\n    overflow: hidden;\r\n    position: relative;\r\n    text-align: center;\r\n    float: left;\r\n    cursor: default;\r\n    border: 1px solid #ccc;\r\n}\r\n\r\n.view-wrapper {\r\n    height: 100%;\r\n}\r\n\r\n.view img {\r\n    display: block;\r\n    position: relative;\r\n    transition: all 0.2s linear;\r\n    height: 100%;\r\n    width: auto;\r\n    max-width: 100%;\r\n    margin: 0 auto;\r\n}\r\n\r\n.mask-text h2 {\r\n    font-size: 20px !important;\r\n    margin-top: 20px !important;\r\n}\r\n\r\n\/* view 1 *\/\r\n\r\n.view-first .text-category, .view-first .mask-text h2, .view-first .mask-text p {\r\n    color: #fff;\r\n}\r\n\r\n\/*  view 2 *\/\r\n.view-second .text-category, .view-second .mask-text h2, .view-second p {\r\n    color: #333;\r\n}\r\n\r\n.view-second .mask-text h2 {\r\n    border-bottom: 1px solid #333;\r\n}\r\n\r\n\/* view 3*\/\r\n.view-third .mask {\r\n    background-color: #ccc;\r\n    transition: all 0.5s linear;\r\n    opacity: 0;\r\n    color: #333;\r\n}\r\n\r\n.view-third h2 {\r\n    border-bottom: 1px solid #333;\r\n    background: transparent;\r\n    margin: 20px 40px 0px 40px;\r\n    transform: scale(0);\r\n    color: #333;\r\n    transition: all 0.5s linear;\r\n    opacity: 0;\r\n}\r\n\r\n.view-third p {\r\n    color: #333;\r\n    opacity: 0;\r\n    transform: scale(0);\r\n    transition: all 0.5s linear;\r\n}\r\n\r\n.view-third .text-category {\r\n    color: #333;\r\n}\r\n\r\n\/* view 4 *\/\r\n\r\n.view-forth .mask-bg {\r\n    background: #333;\r\n    width: 100%;\r\n    height: 100%;\r\n    position: absolute;\r\n    top: 0;\r\n    left: 0;\r\n}\r\n\r\n.view-forth .mask-text {\r\n    color: #fff;\r\n    position: relative;\r\n    z-index: 500;\r\n    padding: 5px 8px;\r\n}\r\n\r\n.view-forth .mask-text h2 {\r\n    margin: 0px;\r\n    font-size: 13px;\r\n    padding: 2px;\r\n    color: #fff;\r\n}\r\n\r\n.view-forth .mask-text h2:hover {\r\n    cursor: pointer;\r\n}\r\n\r\n.view-forth .text-category {\r\n    display: block;\r\n    font-size: 15px;\r\n    color: #fff;\r\n}\r\n\r\n.view-forth p {\r\n    color: #fff;\r\n}\r\n\r\n\/* view 5 *\/\r\n.view-fifth .text-category, .view-fifth .text-category *, .view-fifth .mask-text h2, .view-fifth .mask-text p {\r\n    color: #fff;\r\n}\r\n\r\n<\/style><section id=\"huge_it_gallery_container_5\" data-image-object-name=\"gallery_images_obj_5\">\r\n\t<div id=\"huge_it_gallery_content_5\"\r\n\t\t class=\"gallery-img-content elastic_grid view-elastic-grid\"\r\n         data-pages-count=\"2\"\r\n         data-content-per-page=\"5\"\r\n         data-current-page=\"2\"\r\n\t\t data-image-behaviour=\"crop\">\r\n\r\n\t<\/div>\r\n\t<\/section><style>\r\n#huge_it_gallery_container_5 .paginate {\r\n    font-size: 22px !important;\r\n    color: #1046B3 !important;\r\n    text-align: center;\r\n    margin-top: 15px;\r\n}\r\n\r\n#huge_it_gallery_container_5 .paginate5 {\r\n    border-bottom: none !important;\r\n}\r\n\r\n#huge_it_gallery_container_5 .icon-style {\r\n    font-size: 18px !important;\r\n    color: #1046B3 !important;\r\n}\r\n\r\n#huge_it_gallery_container_5 {\r\n    position: relative;\r\n    display: inline-block;\r\n    width: 100%;\r\n}\r\n\r\n#huge_it_gallery_container_5 {\r\n    position: relative;\r\n    display: inline-block;\r\n    width: 100%;\r\n}\r\n\r\n#huge_it_gallery_content_5 .wagwep-container {\r\n    display: none;\r\n}\r\n\r\n#huge_it_gallery_content_5 ul.og-grid {\r\n    padding: 0;\r\n text-align: center;\r\n}\r\n\r\n#huge_it_gallery_content_5 .og-grid > li {\r\n    width: 250px;\r\n    height: 250px;\r\n margin: 10px 5px 0 5px;\r\n}\r\n\r\n#huge_it_gallery_content_5 .og-grid > li > a {\r\n    width: 100%;\r\n    height: 100%;\r\n    overflow: hidden;\r\n    box-shadow: none;\r\n    max-height: 250px;\r\n    border: solid # DEDEDE 0 px;\r\n}\r\n\r\n#huge_it_gallery_content_5 .og-grid li > a > img {\r\n max-width: none;\r\n    max-height: none;\r\n}\r\n\r\n#huge_it_gallery_content_5 .og-grid > li > a > figure > span {\r\n    padding: 10px 0;\r\n    margin: 40px 20px 20px 20px;\r\n    color: #FFFFFF;\r\n    border-bottom: solid # FFFFFF 1 px;\r\n    font-size: 16px;\r\n    text-align: center;\r\n}\r\n\r\n#huge_it_gallery_content_5 .og-grid > li .og-pointer {\r\n    border-bottom-color: #222222;\r\n}\r\n\r\n#huge_it_gallery_content_5 .og-grid > li > a > figure {\r\n    background: rgba(72,72,72,0.7) ;\r\n    margin: 0;\r\n}\r\n\r\n#huge_it_gallery_content_5 .og-expander {\r\n    width: 100%;\r\n    background: rgba(34,34,34,1) ;\r\n left: 50%;\r\n    transform: translateX(-50%);\r\n}\r\n\r\n#huge_it_gallery_content_5 .og-expander .infosep {\r\n    display: none;\r\n}\r\n\r\n#huge_it_gallery_content_5 .og-expander .elastislide-wrapper {\r\n}\r\n\r\n#huge_it_gallery_content_5 .og-expander ul.elastislide-list {\r\n    padding: 0;\r\n}\r\n\r\n#huge_it_gallery_content_5 .og-expander ul.elastislide-list li > a > img.selected {\r\n    border: 2px solid #999999;\r\n}\r\n\r\n#huge_it_gallery_content_5 .og-expander ul.elastislide-list li > a {\r\n    width: 100%;\r\n    height: 100%;\r\n}\r\n\r\n#huge_it_gallery_content_5 .og-expander .og-details a.link-button {\r\n    font-size: 11px;\r\n    color: #9f9f9f;\r\n    background-color: #454545;\r\n    box-shadow: none;\r\n    text-decoration: none;\r\n}\r\n\r\n#huge_it_gallery_content_5 .og-expander .og-details a.link-button:hover {\r\n    color: #999;\r\n    background: -webkit-gradient(\r\n            linear, left top, left bottom,\r\n            from(#454545),\r\n            to(#131313));\r\n}\r\n\r\n#huge_it_gallery_content_5 .og-expander .og-expander-inner {\r\n    display: inline-block;\r\n    width: 100%;\r\n}\r\n\r\n#huge_it_gallery_content_5 .og-expander .og-details p {\r\n    font-size: 13px;\r\n    color: #999;\r\n    text-align: left;\r\n    margin: 0;\r\n}\r\n\r\n#huge_it_gallery_content_5 .og-expander .og-details p ul {\r\n    margin-left: 20px;\r\n}\r\n\r\n#huge_it_gallery_content_5 .og-expander .og-details p li {\r\n    display: list-item;\r\n}\r\n\r\n#huge_it_gallery_content_5 .og-expander .og-close {\r\n    z-index: 999;\r\n}\r\n\r\n#huge_it_gallery_content_5 .og-expander .og-details {\r\n    float: right;\r\n    height: auto;\r\n}\r\n\r\n#huge_it_gallery_content_5 .og-expander .og-details > h3 {\r\n    color: #FFFFFF;\r\n    font-size: 35px;\r\n}\r\n\r\n#huge_it_gallery_content_5 .og-fullimg {\r\n    height: 100%;\r\n    float: left;\r\n}\r\n\r\n#huge_it_gallery_content_5 .og-fullimg img {\r\n    margin-bottom: 25px;\r\n    width: 100%;\r\n}\r\n\r\n#huge_it_gallery_content_5 .og-fullimg iframe {\r\n    width: 100%;\r\n    border: none;\r\n}\r\n\r\n@media (max-width: 767px) {\r\n    #huge_it_gallery_content_5 .og-fullimg {\r\n        height: auto;\r\n    }\r\n}\r\n\r\n<\/style>\n<hr \/>\n<p>&nbsp;<\/p>\n","protected":false},"excerpt":{"rendered":"<p>Firma Handlowo Us\u0142ugowa Profi-Term, to przedsi\u0119biorstwo, kt\u00f3rego dzia\u0142alno\u015b\u0107 oparta jest na zdobytych przez szereg lat wiedzy i do\u015bwiadczeniu w bran\u017cy grzewczej. Zapewniamy swoim klientom kompleksow\u0105 obs\u0142ug\u0119 w zakresie doboru, instalacji oraz serwisu<a class=\"moretag\" href=\"https:\/\/www.profi-term.pl\/\">Read More&#8230;<\/a><\/p>\n","protected":false},"author":1,"featured_media":0,"parent":0,"menu_order":0,"comment_status":"closed","ping_status":"closed","template":"","meta":{"footnotes":""},"class_list":["post-6","page","type-page","status-publish","hentry"],"yoast_head":"<!-- This site is optimized with the Yoast SEO plugin v26.3 - https:\/\/yoast.com\/wordpress\/plugins\/seo\/ -->\n<title>strona g\u0142\u00f3wna - PROFI-TERM<\/title>\n<meta name=\"robots\" content=\"index, follow, max-snippet:-1, max-image-preview:large, max-video-preview:-1\" \/>\n<link rel=\"canonical\" href=\"https:\/\/www.profi-term.pl\/\" \/>\n<meta property=\"og:locale\" content=\"pl_PL\" \/>\n<meta property=\"og:type\" content=\"article\" \/>\n<meta property=\"og:title\" content=\"strona g\u0142\u00f3wna - PROFI-TERM\" \/>\n<meta property=\"og:description\" content=\"Firma Handlowo Us\u0142ugowa Profi-Term, to przedsi\u0119biorstwo, kt\u00f3rego dzia\u0142alno\u015b\u0107 oparta jest na zdobytych przez szereg lat wiedzy i do\u015bwiadczeniu w bran\u017cy grzewczej. Zapewniamy swoim klientom kompleksow\u0105 obs\u0142ug\u0119 w zakresie doboru, instalacji oraz serwisuRead More...\" \/>\n<meta property=\"og:url\" content=\"https:\/\/www.profi-term.pl\/\" \/>\n<meta property=\"og:site_name\" content=\"PROFI-TERM\" \/>\n<meta property=\"article:publisher\" content=\"https:\/\/www.facebook.com\/people\/Profi-Term-technika-grzewcza\/100065437151953\/\" \/>\n<meta property=\"article:modified_time\" content=\"2024-06-20T07:35:04+00:00\" \/>\n<meta name=\"twitter:card\" content=\"summary_large_image\" \/>\n<meta name=\"twitter:label1\" content=\"Szacowany czas czytania\" \/>\n\t<meta name=\"twitter:data1\" content=\"1 minuta\" \/>\n<script type=\"application\/ld+json\" class=\"yoast-schema-graph\">{\"@context\":\"https:\/\/schema.org\",\"@graph\":[{\"@type\":\"WebPage\",\"@id\":\"https:\/\/www.profi-term.pl\/\",\"url\":\"https:\/\/www.profi-term.pl\/\",\"name\":\"strona g\u0142\u00f3wna - PROFI-TERM\",\"isPartOf\":{\"@id\":\"https:\/\/www.profi-term.pl\/#website\"},\"datePublished\":\"2017-12-18T12:09:14+00:00\",\"dateModified\":\"2024-06-20T07:35:04+00:00\",\"breadcrumb\":{\"@id\":\"https:\/\/www.profi-term.pl\/#breadcrumb\"},\"inLanguage\":\"pl-PL\",\"potentialAction\":[{\"@type\":\"ReadAction\",\"target\":[\"https:\/\/www.profi-term.pl\/\"]}]},{\"@type\":\"BreadcrumbList\",\"@id\":\"https:\/\/www.profi-term.pl\/#breadcrumb\",\"itemListElement\":[{\"@type\":\"ListItem\",\"position\":1,\"name\":\"Strona g\u0142\u00f3wna\",\"item\":\"https:\/\/www.profi-term.pl\/\"},{\"@type\":\"ListItem\",\"position\":2,\"name\":\"strona g\u0142\u00f3wna\"}]},{\"@type\":\"WebSite\",\"@id\":\"https:\/\/www.profi-term.pl\/#website\",\"url\":\"https:\/\/www.profi-term.pl\/\",\"name\":\"PROFI-TERM\",\"description\":\"PROFI-TERM - BUDERUS\",\"publisher\":{\"@id\":\"https:\/\/www.profi-term.pl\/#organization\"},\"potentialAction\":[{\"@type\":\"SearchAction\",\"target\":{\"@type\":\"EntryPoint\",\"urlTemplate\":\"https:\/\/www.profi-term.pl\/?s={search_term_string}\"},\"query-input\":{\"@type\":\"PropertyValueSpecification\",\"valueRequired\":true,\"valueName\":\"search_term_string\"}}],\"inLanguage\":\"pl-PL\"},{\"@type\":\"Organization\",\"@id\":\"https:\/\/www.profi-term.pl\/#organization\",\"name\":\"PROFI-TERM\",\"url\":\"https:\/\/www.profi-term.pl\/\",\"logo\":{\"@type\":\"ImageObject\",\"inLanguage\":\"pl-PL\",\"@id\":\"https:\/\/www.profi-term.pl\/#\/schema\/logo\/image\/\",\"url\":\"https:\/\/www.profi-term.pl\/wp-content\/uploads\/2024\/06\/logo_www1-1-1.jpg\",\"contentUrl\":\"https:\/\/www.profi-term.pl\/wp-content\/uploads\/2024\/06\/logo_www1-1-1.jpg\",\"width\":269,\"height\":96,\"caption\":\"PROFI-TERM\"},\"image\":{\"@id\":\"https:\/\/www.profi-term.pl\/#\/schema\/logo\/image\/\"},\"sameAs\":[\"https:\/\/www.facebook.com\/people\/Profi-Term-technika-grzewcza\/100065437151953\/\"]}]}<\/script>\n<!-- \/ Yoast SEO plugin. -->","yoast_head_json":{"title":"strona g\u0142\u00f3wna - PROFI-TERM","robots":{"index":"index","follow":"follow","max-snippet":"max-snippet:-1","max-image-preview":"max-image-preview:large","max-video-preview":"max-video-preview:-1"},"canonical":"https:\/\/www.profi-term.pl\/","og_locale":"pl_PL","og_type":"article","og_title":"strona g\u0142\u00f3wna - PROFI-TERM","og_description":"Firma Handlowo Us\u0142ugowa Profi-Term, to przedsi\u0119biorstwo, kt\u00f3rego dzia\u0142alno\u015b\u0107 oparta jest na zdobytych przez szereg lat wiedzy i do\u015bwiadczeniu w bran\u017cy grzewczej. Zapewniamy swoim klientom kompleksow\u0105 obs\u0142ug\u0119 w zakresie doboru, instalacji oraz serwisuRead More...","og_url":"https:\/\/www.profi-term.pl\/","og_site_name":"PROFI-TERM","article_publisher":"https:\/\/www.facebook.com\/people\/Profi-Term-technika-grzewcza\/100065437151953\/","article_modified_time":"2024-06-20T07:35:04+00:00","twitter_card":"summary_large_image","twitter_misc":{"Szacowany czas czytania":"1 minuta"},"schema":{"@context":"https:\/\/schema.org","@graph":[{"@type":"WebPage","@id":"https:\/\/www.profi-term.pl\/","url":"https:\/\/www.profi-term.pl\/","name":"strona g\u0142\u00f3wna - PROFI-TERM","isPartOf":{"@id":"https:\/\/www.profi-term.pl\/#website"},"datePublished":"2017-12-18T12:09:14+00:00","dateModified":"2024-06-20T07:35:04+00:00","breadcrumb":{"@id":"https:\/\/www.profi-term.pl\/#breadcrumb"},"inLanguage":"pl-PL","potentialAction":[{"@type":"ReadAction","target":["https:\/\/www.profi-term.pl\/"]}]},{"@type":"BreadcrumbList","@id":"https:\/\/www.profi-term.pl\/#breadcrumb","itemListElement":[{"@type":"ListItem","position":1,"name":"Strona g\u0142\u00f3wna","item":"https:\/\/www.profi-term.pl\/"},{"@type":"ListItem","position":2,"name":"strona g\u0142\u00f3wna"}]},{"@type":"WebSite","@id":"https:\/\/www.profi-term.pl\/#website","url":"https:\/\/www.profi-term.pl\/","name":"PROFI-TERM","description":"PROFI-TERM - BUDERUS","publisher":{"@id":"https:\/\/www.profi-term.pl\/#organization"},"potentialAction":[{"@type":"SearchAction","target":{"@type":"EntryPoint","urlTemplate":"https:\/\/www.profi-term.pl\/?s={search_term_string}"},"query-input":{"@type":"PropertyValueSpecification","valueRequired":true,"valueName":"search_term_string"}}],"inLanguage":"pl-PL"},{"@type":"Organization","@id":"https:\/\/www.profi-term.pl\/#organization","name":"PROFI-TERM","url":"https:\/\/www.profi-term.pl\/","logo":{"@type":"ImageObject","inLanguage":"pl-PL","@id":"https:\/\/www.profi-term.pl\/#\/schema\/logo\/image\/","url":"https:\/\/www.profi-term.pl\/wp-content\/uploads\/2024\/06\/logo_www1-1-1.jpg","contentUrl":"https:\/\/www.profi-term.pl\/wp-content\/uploads\/2024\/06\/logo_www1-1-1.jpg","width":269,"height":96,"caption":"PROFI-TERM"},"image":{"@id":"https:\/\/www.profi-term.pl\/#\/schema\/logo\/image\/"},"sameAs":["https:\/\/www.facebook.com\/people\/Profi-Term-technika-grzewcza\/100065437151953\/"]}]}},"_links":{"self":[{"href":"https:\/\/www.profi-term.pl\/index.php\/wp-json\/wp\/v2\/pages\/6","targetHints":{"allow":["GET"]}}],"collection":[{"href":"https:\/\/www.profi-term.pl\/index.php\/wp-json\/wp\/v2\/pages"}],"about":[{"href":"https:\/\/www.profi-term.pl\/index.php\/wp-json\/wp\/v2\/types\/page"}],"author":[{"embeddable":true,"href":"https:\/\/www.profi-term.pl\/index.php\/wp-json\/wp\/v2\/users\/1"}],"replies":[{"embeddable":true,"href":"https:\/\/www.profi-term.pl\/index.php\/wp-json\/wp\/v2\/comments?post=6"}],"version-history":[{"count":28,"href":"https:\/\/www.profi-term.pl\/index.php\/wp-json\/wp\/v2\/pages\/6\/revisions"}],"predecessor-version":[{"id":176,"href":"https:\/\/www.profi-term.pl\/index.php\/wp-json\/wp\/v2\/pages\/6\/revisions\/176"}],"wp:attachment":[{"href":"https:\/\/www.profi-term.pl\/index.php\/wp-json\/wp\/v2\/media?parent=6"}],"curies":[{"name":"wp","href":"https:\/\/api.w.org\/{rel}","templated":true}]}}