{"id":8,"date":"2017-12-18T13:09:38","date_gmt":"2017-12-18T12:09:38","guid":{"rendered":"http:\/\/www.profi-term.pl\/?page_id=8"},"modified":"2024-07-02T10:15:47","modified_gmt":"2024-07-02T08:15:47","slug":"serwis","status":"publish","type":"page","link":"https:\/\/www.profi-term.pl\/index.php\/serwis\/","title":{"rendered":"serwis"},"content":{"rendered":"<h4>Dzia\u0142amy skutecznie !<br \/>\nProfi-term swoje us\u0142ugi serwisowe \u015bwiadczy szybko i skutecznie.<br \/>\nNie musisz czeka\u0107 na usuni\u0119cie awarii d\u0142u\u017cej ni\u017c to konieczne.<br \/>\nZ naszym serwisem masz pewno\u015b\u0107, Twoje zg\u0142oszenie zostanie profesjonalnie zrealizowane.<\/h4>\n<h3>ZADZWO\u0143: <span style=\"color: #ff0000;\"><strong>32 264 15 52<\/strong><\/span> lub <span style=\"color: #ff0000;\"><strong>506 056 625<\/strong><\/span><\/h3>\n<p>Profesjonalny serwis techniczny urz\u0105dze\u0144 grzewczych.<\/p>\n<hr \/>\n<p><strong>Kot\u0142y gazowe<br \/>\n<\/strong><br \/>\nCzynno\u015bci wykonywanie podczas przegl\u0105du technicznego kot\u0142a z palnikiem gazowym<\/p>\n<p>czyszczenie kot\u0142a i palnika z zanieczyszcze\u0144 i osad\u00f3w metod\u0105 podci\u015bnieniow\u0105<br \/>\nkontrola uszczelnienia drzwi kot\u0142a<br \/>\nkontrola element\u00f3w izolacji termicznej<br \/>\nkontrola szczelno\u015bci hydraulicznej<br \/>\nkontrola szczelno\u015bci przewodu spalinowego w pomieszczeniu kot\u0142owni<br \/>\ndemonta\u017c element\u00f3w palnika<br \/>\nczyszczenie dyszy gazu, czyszczenie wk\u0142adu i komory filtra gazu<br \/>\nkontrola stanu technicznego elektrod i przewod\u00f3w zap\u0142onowych<br \/>\nsprawdzenie i regulacja odleg\u0142o\u015bci elektrod zap\u0142onowych palnika<br \/>\nsprawdzenie i regulacja po\u0142o\u017cenia tarczy spi\u0119trzaj\u0105cej palnika<br \/>\nsprawdzenie poprawno\u015bci funkcjonowania automatu palnika<br \/>\npomiar stopnia zu\u017cycia czujnika p\u0142omienia lub elektrod jonizacyjnych<br \/>\npomiar ci\u015bnienia gazu<br \/>\nregulacja palnika<br \/>\npomiar ci\u015bnienia gaz\u00f3w w komorze spalania<br \/>\nanaliza spalin (palniki wentylatorowe)<br \/>\nkontrola funkcjonowania urz\u0105dze\u0144 zabezpieczaj\u0105cych kocio\u0142<br \/>\nkontrola nastaw i funkcjonowania automatyki nakot\u0142owej<br \/>\nkontrola szczelno\u015bci drogi gazowej<br \/>\nsporz\u0105dzenie raportu serwisowego z wykonanych czynno\u015bci<\/p>\n<hr \/>\n<p><strong>Kot\u0142y olejowe<br \/>\n<\/strong><br \/>\nCzynno\u015bci wykonywanie podczas przegl\u0105d technicznego kot\u0142a z palnikiem olejowym<\/p>\n<p>czyszczenie kot\u0142a i palnika z zanieczyszcze\u0144 i osad\u00f3w metod\u0105 podci\u015bnieniow\u0105<br \/>\nkontrola uszczelnienia drzwi kot\u0142a<br \/>\nkontrola element\u00f3w izolacji termicznej<br \/>\nkontrola szczelno\u015bci hydraulicznej<br \/>\nkontrola szczelno\u015bci przewodu spalinowego w pomieszczeniu kot\u0142owni<br \/>\ndemonta\u017c element\u00f3w palnika<br \/>\nwymiana dyszy paliwa<br \/>\nwymiana wk\u0142adu filtra paliwa<br \/>\nkontrola stanu technicznego elektrod i przewod\u00f3w zap\u0142onowych<br \/>\nsprawdzenie i regulacja odleg\u0142o\u015bci elektrod zap\u0142onowych palnika<br \/>\nsprawdzenie i regulacja po\u0142o\u017cenia tarczy spi\u0119trzaj\u0105cej palnika<br \/>\nsprawdzenie poprawno\u015bci funkcjonowania automatu palnika<br \/>\npomiar stopnia zu\u017cycia czujnika p\u0142omienia<br \/>\npomiar podci\u015bnienia w instalacji olejowej<br \/>\nregulacja palnika<br \/>\npomiar ci\u015bnienia gaz\u00f3w w komorze spalania<br \/>\nanaliza spalin<br \/>\nkontrola funkcjonowania urz\u0105dze\u0144 zabezpieczaj\u0105cych kocio\u0142<br \/>\nkontrola nastaw i funkcjonowania automatyki nakot\u0142owej<br \/>\nsporz\u0105dzenie raportu serwisowego z wykonanych czynno\u015bci<\/p>\n<hr \/>\n<p><strong>Uruchomienia<\/strong><\/p>\n<p>sprawdzenie, czy urz\u0105dzenie zosta\u0142o zamontowane zgodnie z dokumentacj\u0105 techniczn\u0105 i obowi\u0105zuj\u0105cymi przepisami<br \/>\nwykonanie instalacji AKPiA<br \/>\nsprawdzenie instalacji paliwowej kot\u0142a<br \/>\nregulacja palnika<br \/>\nanaliza spalin<br \/>\nregulacja uk\u0142adu steruj\u0105cego<br \/>\nkontrola funkcjonowania zabezpiecze\u0144<br \/>\nszkolenie obs\u0142ugi<br \/>\nsporz\u0105dzenie dokumentacji odbiorowej<\/p>\n","protected":false},"excerpt":{"rendered":"<p>Dzia\u0142amy skutecznie ! Profi-term swoje us\u0142ugi serwisowe \u015bwiadczy szybko i skutecznie. Nie musisz czeka\u0107 na usuni\u0119cie awarii d\u0142u\u017cej ni\u017c to konieczne. Z naszym serwisem masz pewno\u015b\u0107, Twoje zg\u0142oszenie zostanie profesjonalnie zrealizowane. ZADZWO\u0143:<a class=\"moretag\" href=\"https:\/\/www.profi-term.pl\/index.php\/serwis\/\">Read More&#8230;<\/a><\/p>\n","protected":false},"author":1,"featured_media":0,"parent":0,"menu_order":0,"comment_status":"closed","ping_status":"closed","template":"","meta":{"footnotes":""},"class_list":["post-8","page","type-page","status-publish","hentry"],"yoast_head":"<!-- This site is optimized with the Yoast SEO plugin v26.3 - https:\/\/yoast.com\/wordpress\/plugins\/seo\/ -->\n<title>serwis - PROFI-TERM<\/title>\n<meta name=\"robots\" content=\"index, follow, max-snippet:-1, max-image-preview:large, max-video-preview:-1\" \/>\n<link rel=\"canonical\" href=\"https:\/\/www.profi-term.pl\/index.php\/serwis\/\" \/>\n<meta property=\"og:locale\" content=\"pl_PL\" \/>\n<meta property=\"og:type\" content=\"article\" \/>\n<meta property=\"og:title\" content=\"serwis - PROFI-TERM\" \/>\n<meta property=\"og:description\" content=\"Dzia\u0142amy skutecznie ! Profi-term swoje us\u0142ugi serwisowe \u015bwiadczy szybko i skutecznie. Nie musisz czeka\u0107 na usuni\u0119cie awarii d\u0142u\u017cej ni\u017c to konieczne. Z naszym serwisem masz pewno\u015b\u0107, Twoje zg\u0142oszenie zostanie profesjonalnie zrealizowane. ZADZWO\u0143:Read More...\" \/>\n<meta property=\"og:url\" content=\"https:\/\/www.profi-term.pl\/index.php\/serwis\/\" \/>\n<meta property=\"og:site_name\" content=\"PROFI-TERM\" \/>\n<meta property=\"article:publisher\" content=\"https:\/\/www.facebook.com\/people\/Profi-Term-technika-grzewcza\/100065437151953\/\" \/>\n<meta property=\"article:modified_time\" content=\"2024-07-02T08:15:47+00:00\" \/>\n<meta name=\"twitter:card\" content=\"summary_large_image\" \/>\n<meta name=\"twitter:label1\" content=\"Szacowany czas czytania\" \/>\n\t<meta name=\"twitter:data1\" content=\"2 minuty\" \/>\n<script type=\"application\/ld+json\" class=\"yoast-schema-graph\">{\"@context\":\"https:\/\/schema.org\",\"@graph\":[{\"@type\":\"WebPage\",\"@id\":\"https:\/\/www.profi-term.pl\/index.php\/serwis\/\",\"url\":\"https:\/\/www.profi-term.pl\/index.php\/serwis\/\",\"name\":\"serwis - PROFI-TERM\",\"isPartOf\":{\"@id\":\"https:\/\/www.profi-term.pl\/#website\"},\"datePublished\":\"2017-12-18T12:09:38+00:00\",\"dateModified\":\"2024-07-02T08:15:47+00:00\",\"breadcrumb\":{\"@id\":\"https:\/\/www.profi-term.pl\/index.php\/serwis\/#breadcrumb\"},\"inLanguage\":\"pl-PL\",\"potentialAction\":[{\"@type\":\"ReadAction\",\"target\":[\"https:\/\/www.profi-term.pl\/index.php\/serwis\/\"]}]},{\"@type\":\"BreadcrumbList\",\"@id\":\"https:\/\/www.profi-term.pl\/index.php\/serwis\/#breadcrumb\",\"itemListElement\":[{\"@type\":\"ListItem\",\"position\":1,\"name\":\"Strona g\u0142\u00f3wna\",\"item\":\"https:\/\/www.profi-term.pl\/\"},{\"@type\":\"ListItem\",\"position\":2,\"name\":\"serwis\"}]},{\"@type\":\"WebSite\",\"@id\":\"https:\/\/www.profi-term.pl\/#website\",\"url\":\"https:\/\/www.profi-term.pl\/\",\"name\":\"PROFI-TERM\",\"description\":\"PROFI-TERM - BUDERUS\",\"publisher\":{\"@id\":\"https:\/\/www.profi-term.pl\/#organization\"},\"potentialAction\":[{\"@type\":\"SearchAction\",\"target\":{\"@type\":\"EntryPoint\",\"urlTemplate\":\"https:\/\/www.profi-term.pl\/?s={search_term_string}\"},\"query-input\":{\"@type\":\"PropertyValueSpecification\",\"valueRequired\":true,\"valueName\":\"search_term_string\"}}],\"inLanguage\":\"pl-PL\"},{\"@type\":\"Organization\",\"@id\":\"https:\/\/www.profi-term.pl\/#organization\",\"name\":\"PROFI-TERM\",\"url\":\"https:\/\/www.profi-term.pl\/\",\"logo\":{\"@type\":\"ImageObject\",\"inLanguage\":\"pl-PL\",\"@id\":\"https:\/\/www.profi-term.pl\/#\/schema\/logo\/image\/\",\"url\":\"https:\/\/www.profi-term.pl\/wp-content\/uploads\/2024\/06\/logo_www1-1-1.jpg\",\"contentUrl\":\"https:\/\/www.profi-term.pl\/wp-content\/uploads\/2024\/06\/logo_www1-1-1.jpg\",\"width\":269,\"height\":96,\"caption\":\"PROFI-TERM\"},\"image\":{\"@id\":\"https:\/\/www.profi-term.pl\/#\/schema\/logo\/image\/\"},\"sameAs\":[\"https:\/\/www.facebook.com\/people\/Profi-Term-technika-grzewcza\/100065437151953\/\"]}]}<\/script>\n<!-- \/ Yoast SEO plugin. -->","yoast_head_json":{"title":"serwis - PROFI-TERM","robots":{"index":"index","follow":"follow","max-snippet":"max-snippet:-1","max-image-preview":"max-image-preview:large","max-video-preview":"max-video-preview:-1"},"canonical":"https:\/\/www.profi-term.pl\/index.php\/serwis\/","og_locale":"pl_PL","og_type":"article","og_title":"serwis - PROFI-TERM","og_description":"Dzia\u0142amy skutecznie ! Profi-term swoje us\u0142ugi serwisowe \u015bwiadczy szybko i skutecznie. Nie musisz czeka\u0107 na usuni\u0119cie awarii d\u0142u\u017cej ni\u017c to konieczne. Z naszym serwisem masz pewno\u015b\u0107, Twoje zg\u0142oszenie zostanie profesjonalnie zrealizowane. ZADZWO\u0143:Read More...","og_url":"https:\/\/www.profi-term.pl\/index.php\/serwis\/","og_site_name":"PROFI-TERM","article_publisher":"https:\/\/www.facebook.com\/people\/Profi-Term-technika-grzewcza\/100065437151953\/","article_modified_time":"2024-07-02T08:15:47+00:00","twitter_card":"summary_large_image","twitter_misc":{"Szacowany czas czytania":"2 minuty"},"schema":{"@context":"https:\/\/schema.org","@graph":[{"@type":"WebPage","@id":"https:\/\/www.profi-term.pl\/index.php\/serwis\/","url":"https:\/\/www.profi-term.pl\/index.php\/serwis\/","name":"serwis - PROFI-TERM","isPartOf":{"@id":"https:\/\/www.profi-term.pl\/#website"},"datePublished":"2017-12-18T12:09:38+00:00","dateModified":"2024-07-02T08:15:47+00:00","breadcrumb":{"@id":"https:\/\/www.profi-term.pl\/index.php\/serwis\/#breadcrumb"},"inLanguage":"pl-PL","potentialAction":[{"@type":"ReadAction","target":["https:\/\/www.profi-term.pl\/index.php\/serwis\/"]}]},{"@type":"BreadcrumbList","@id":"https:\/\/www.profi-term.pl\/index.php\/serwis\/#breadcrumb","itemListElement":[{"@type":"ListItem","position":1,"name":"Strona g\u0142\u00f3wna","item":"https:\/\/www.profi-term.pl\/"},{"@type":"ListItem","position":2,"name":"serwis"}]},{"@type":"WebSite","@id":"https:\/\/www.profi-term.pl\/#website","url":"https:\/\/www.profi-term.pl\/","name":"PROFI-TERM","description":"PROFI-TERM - BUDERUS","publisher":{"@id":"https:\/\/www.profi-term.pl\/#organization"},"potentialAction":[{"@type":"SearchAction","target":{"@type":"EntryPoint","urlTemplate":"https:\/\/www.profi-term.pl\/?s={search_term_string}"},"query-input":{"@type":"PropertyValueSpecification","valueRequired":true,"valueName":"search_term_string"}}],"inLanguage":"pl-PL"},{"@type":"Organization","@id":"https:\/\/www.profi-term.pl\/#organization","name":"PROFI-TERM","url":"https:\/\/www.profi-term.pl\/","logo":{"@type":"ImageObject","inLanguage":"pl-PL","@id":"https:\/\/www.profi-term.pl\/#\/schema\/logo\/image\/","url":"https:\/\/www.profi-term.pl\/wp-content\/uploads\/2024\/06\/logo_www1-1-1.jpg","contentUrl":"https:\/\/www.profi-term.pl\/wp-content\/uploads\/2024\/06\/logo_www1-1-1.jpg","width":269,"height":96,"caption":"PROFI-TERM"},"image":{"@id":"https:\/\/www.profi-term.pl\/#\/schema\/logo\/image\/"},"sameAs":["https:\/\/www.facebook.com\/people\/Profi-Term-technika-grzewcza\/100065437151953\/"]}]}},"_links":{"self":[{"href":"https:\/\/www.profi-term.pl\/index.php\/wp-json\/wp\/v2\/pages\/8","targetHints":{"allow":["GET"]}}],"collection":[{"href":"https:\/\/www.profi-term.pl\/index.php\/wp-json\/wp\/v2\/pages"}],"about":[{"href":"https:\/\/www.profi-term.pl\/index.php\/wp-json\/wp\/v2\/types\/page"}],"author":[{"embeddable":true,"href":"https:\/\/www.profi-term.pl\/index.php\/wp-json\/wp\/v2\/users\/1"}],"replies":[{"embeddable":true,"href":"https:\/\/www.profi-term.pl\/index.php\/wp-json\/wp\/v2\/comments?post=8"}],"version-history":[{"count":9,"href":"https:\/\/www.profi-term.pl\/index.php\/wp-json\/wp\/v2\/pages\/8\/revisions"}],"predecessor-version":[{"id":265,"href":"https:\/\/www.profi-term.pl\/index.php\/wp-json\/wp\/v2\/pages\/8\/revisions\/265"}],"wp:attachment":[{"href":"https:\/\/www.profi-term.pl\/index.php\/wp-json\/wp\/v2\/media?parent=8"}],"curies":[{"name":"wp","href":"https:\/\/api.w.org\/{rel}","templated":true}]}}